{"id":1227,"date":"2024-11-12T17:55:32","date_gmt":"2024-11-12T17:55:32","guid":{"rendered":"https:\/\/surfcaparica.com\/aulas-de-surf-privadas\/"},"modified":"2026-03-25T18:13:06","modified_gmt":"2026-03-25T18:13:06","slug":"aulas-de-surf-privadas","status":"publish","type":"page","link":"https:\/\/surfcaparica.com\/pt-pt\/aulas-de-surf-privadas\/","title":{"rendered":"Aulas de Surf Privadas"},"content":{"rendered":"<div class=\"et_pb_section_0 et_pb_section et_section_regular et_block_section\">\n<div class=\"et_pb_row_0 et_pb_row et_block_row\">\n<div class=\"et_pb_column_0 et_pb_column et_pb_column_3_5 et_block_column et_pb_css_mix_blend_mode_passthrough\">\n<div class=\"et_pb_text_0 et_pb_text et_pb_bg_layout_light et_pb_module et_block_module\"><div class=\"et_pb_text_inner\"><h1>Aulas de Surf Privadas<\/h1>\n<\/div><\/div>\n\n<div class=\"et_pb_text_1 et_pb_text et_pb_bg_layout_light et_pb_module et_block_module\"><div class=\"et_pb_text_inner\"><p><strong>DETALHES R\u00c1PIDOS<\/strong><\/p>\n<p><strong>Idades:<\/strong> Adultos, crian\u00e7as (a partir dos 8 anos)<br \/>\n<strong>Dura\u00e7\u00e3o:<\/strong> 2 Horas<br \/>\n<strong>Hor\u00e1rio:<\/strong> Oferecido diariamente<br \/>\n<strong>Localiza\u00e7\u00e3o:<\/strong> Costa da Caparica<br \/>\n<strong>N\u00edvel:<\/strong> Principiante<\/p>\n<\/div><\/div>\n\n<div class=\"et_pb_text_2 et_pb_text et_pb_bg_layout_light et_pb_module et_block_module\"><div class=\"et_pb_text_inner\"><p>Nas nossas sess\u00f5es de 2 horas, aprender\u00e1s as compet\u00eancias essenciais de surf, incluindo:<\/p>\n<ul>\n<li>No\u00e7\u00f5es b\u00e1sicas de seguran\u00e7a<\/li>\n<li>Dominar o pop-up<\/li>\n<li>Aperfei\u00e7oar o timing das ondas<\/li>\n<li>Remar eficientemente<\/li>\n<\/ul>\n<p>N\u00f3s fornecemos tudo o que precisas, incluindo pranchas de surf e fatos de neoprene de alta qualidade. Tudo o que precisas de trazer \u00e9 o teu fato de banho, toalha, \u00e1gua e protetor solar. Fica descansado sabendo que os nossos instrutores s\u00e3o certificados pela Federa\u00e7\u00e3o Portuguesa de Surf para garantir uma experi\u00eancia segura e agrad\u00e1vel.<\/p>\n<h2>Detalhes principais:<\/h2>\n<ul>\n<li><strong>Tamanho do grupo:<\/strong> R\u00e1cio de 1:1 aluno\/instrutor (n\u00e3o \u00e9 necess\u00e1ria experi\u00eancia pr\u00e9via!)<\/li>\n<li><strong>Todo o equipamento fornecido:<\/strong> Pranchas de surf e fatos de neoprene inclu\u00eddos<\/li>\n<li><strong>O que trazer:<\/strong> Fato de banho, toalha, protetor solar e \u00e1gua<\/li>\n<\/ul>\n<p>Perfeito para quem procura acompanhamento individual. As nossas sess\u00f5es personalizadas oferecem orienta\u00e7\u00e3o individualizada, ajudando-o a melhorar rapidamente e a surfar as ondas com confian\u00e7a.<\/p>\n<\/div><\/div>\n<\/div>\n\n<div class=\"et_pb_column_1 et_pb_column et_pb_column_2_5 et-last-child et_block_column et_pb_css_mix_blend_mode_passthrough\">\n<div class=\"et_pb_image_0 et_pb_image et_pb_module et_block_module\"><span class=\"et_pb_image_wrap\"><img loading=\"lazy\" decoding=\"async\" src=\"https:\/\/surfcaparica.com\/wp-content\/uploads\/2025\/02\/private-surf-lessons-surf-caparica.jpg\" width=\"1376\" height=\"1373\" srcset=\"https:\/\/surfcaparica.com\/wp-content\/uploads\/2025\/02\/private-surf-lessons-surf-caparica.jpg 1376w, https:\/\/surfcaparica.com\/wp-content\/uploads\/2025\/02\/private-surf-lessons-surf-caparica-1280x1277.jpg 1280w, https:\/\/surfcaparica.com\/wp-content\/uploads\/2025\/02\/private-surf-lessons-surf-caparica-980x978.jpg 980w, https:\/\/surfcaparica.com\/wp-content\/uploads\/2025\/02\/private-surf-lessons-surf-caparica-480x479.jpg 480w\" sizes=\"(min-width: 0px) and (max-width: 480px) 480px, (min-width: 481px) and (max-width: 980px) 980px, (min-width: 981px) and (max-width: 1280px) 1280px, (min-width: 1281px) 1376px, 100vw\" class=\"wp-image-752\" title=\"aulas-de-surf-privadas-surf-caparica\" alt=\"aulas privadas\" \/><\/span><\/div>\n\n<div class=\"et_pb_text_3 et_pb_text et_pb_bg_layout_light et_pb_module et_block_module\"><div class=\"et_pb_text_inner\"><h3>Pre\u00e7o<\/h3>\n<h3>80 \u20ac\/pessoa<\/h3>\n<p>Equipamento inclu\u00eddo<\/p>\n<\/div><\/div>\n\n<div class=\"et_pb_module et_pb_button_module_wrapper et_pb_button_0_wrapper\"><a class=\"et_pb_button_0 et_pb_button et_pb_bg_layout_light et_pb_module et_flex_module\" href=\"https:\/\/fareharbor.com\/embeds\/book\/geckosurfschool\/items\/149522\/?full-items=yes&#038;flow=182583\" target=\"_blank\" rel=\"noopener\">RESERVAR J\u00c1<\/a><\/div>\n\n<div class=\"et_pb_divider_0 et_pb_divider_hidden et_pb_space et_pb_divider_position_top et_pb_module\"><div class=\"et_pb_divider_internal\"><\/div><\/div>\n<\/div>\n<\/div>\n<\/div>","protected":false},"excerpt":{"rendered":"","protected":false},"author":2,"featured_media":0,"parent":0,"menu_order":0,"comment_status":"closed","ping_status":"closed","template":"","meta":{"footnotes":""},"class_list":["post-1227","page","type-page","status-publish","hentry"],"_links":{"self":[{"href":"https:\/\/surfcaparica.com\/pt-pt\/wp-json\/wp\/v2\/pages\/1227","targetHints":{"allow":["GET"]}}],"collection":[{"href":"https:\/\/surfcaparica.com\/pt-pt\/wp-json\/wp\/v2\/pages"}],"about":[{"href":"https:\/\/surfcaparica.com\/pt-pt\/wp-json\/wp\/v2\/types\/page"}],"author":[{"embeddable":true,"href":"https:\/\/surfcaparica.com\/pt-pt\/wp-json\/wp\/v2\/users\/2"}],"replies":[{"embeddable":true,"href":"https:\/\/surfcaparica.com\/pt-pt\/wp-json\/wp\/v2\/comments?post=1227"}],"version-history":[{"count":1,"href":"https:\/\/surfcaparica.com\/pt-pt\/wp-json\/wp\/v2\/pages\/1227\/revisions"}],"predecessor-version":[{"id":1228,"href":"https:\/\/surfcaparica.com\/pt-pt\/wp-json\/wp\/v2\/pages\/1227\/revisions\/1228"}],"wp:attachment":[{"href":"https:\/\/surfcaparica.com\/pt-pt\/wp-json\/wp\/v2\/media?parent=1227"}],"curies":[{"name":"wp","href":"https:\/\/api.w.org\/{rel}","templated":true}]}}