{"id":1224,"date":"2024-11-12T18:11:27","date_gmt":"2024-11-12T18:11:27","guid":{"rendered":"https:\/\/surfcaparica.com\/aulas-de-surf-para-team-building\/"},"modified":"2026-03-25T18:12:30","modified_gmt":"2026-03-25T18:12:30","slug":"aulas-de-surf-para-team-building","status":"publish","type":"page","link":"https:\/\/surfcaparica.com\/pt-pt\/aulas-de-surf-para-team-building\/","title":{"rendered":"Aulas de surf para team building"},"content":{"rendered":"<div class=\"et_pb_section_0 et_pb_section et_section_regular et_block_section\">\n<div class=\"et_pb_row_0 et_pb_row et_block_row\">\n<div class=\"et_pb_column_0 et_pb_column et_pb_column_4_4 et-last-child et_block_column et_pb_css_mix_blend_mode_passthrough\">\n<div class=\"et_pb_text_0 et_pb_text et_pb_bg_layout_light et_pb_module et_block_module\"><div class=\"et_pb_text_inner\"><h1>Team Building<\/h1>\n<\/div><\/div>\n\n<div class=\"et_pb_text_1 et_pb_text et_pb_bg_layout_light et_pb_module et_block_module\"><div class=\"et_pb_text_inner\"><p><strong>DETALHES R\u00c1PIDOS<\/strong><\/p>\n<p><strong>Idades:<\/strong> Adultos<br \/>\n<strong>Dura\u00e7\u00e3o:<\/strong> 2 Horas<br \/>\n<strong> Hora:<\/strong> Oferecido Diariamente<br \/>\n<strong>Localiza\u00e7\u00e3o:<\/strong> Costa da Caparica<br \/>\n<strong>N\u00edvel:<\/strong> Iniciante, Interm\u00e9dio<\/p>\n<\/div><\/div>\n\n<div class=\"et_pb_text_2 et_pb_text et_pb_bg_layout_light et_pb_module et_block_module\"><div class=\"et_pb_text_inner\"><p>Procura uma experi\u00eancia de team building \u00fanica e emocionante? Na Surf Caparica, oferecemos aulas de surf de Team Building concebidas para fortalecer o trabalho de equipa, aumentar o moral e criar mem\u00f3rias inesquec\u00edveis nas deslumbrantes \u00e1guas da Caparica. <\/p>\n<h2>Porqu\u00ea escolher o surf para Team Building?<\/h2>\n<ul>\n<li>Incentiva a colabora\u00e7\u00e3o \u2013 O surf desafia as equipas a apoiarem-se e motivarem-se mutuamente.<\/li>\n<li>Constr\u00f3i Confian\u00e7a &amp; Resili\u00eancia \u2013 Enfrentar as ondas em conjunto fortalece as capacidades de resolu\u00e7\u00e3o de problemas.<\/li>\n<li>Promove o Bem-Estar \u2013 Uma atividade refrescante ao ar livre que reduz o stress e aumenta a produtividade.<\/li>\n<li>Divertido &amp; Inclusivo \u2013 N\u00e3o \u00e9 necess\u00e1ria experi\u00eancia pr\u00e9via de surf\u2014os nossos instrutores especializados orientam todos os n\u00edveis.<\/li>\n<\/ul>\n<h3>O que est\u00e1 inclu\u00eddo na sua sess\u00e3o de surf em equipa?<\/h3>\n<ul>\n<li>Instru\u00e7\u00e3o profissional \u2013 Instrutores de surf certificados garantem uma experi\u00eancia segura e agrad\u00e1vel.<\/li>\n<li>Aulas de grupo personalizadas \u2013 Adaptadas aos n\u00edveis de habilidade e objetivos da sua equipa.<\/li>\n<li>Todo o equipamento fornecido \u2013 Fornecemos pranchas de surf, fatos de neoprene e tudo o que \u00e9 necess\u00e1rio.<\/li>\n<li>Atividades \u00e0 beira-mar \u2013 Jogos complementares de team building e aquecimentos.<\/li>\n<li>Agendamento flex\u00edvel \u2013 Sess\u00f5es dispon\u00edveis para grupos empresariais pequenos ou grandes.<\/li>\n<\/ul>\n<h4>Planeie a sua aventura de surf de Team Building<\/h4>\n<ul>\n<li>Localiza\u00e7\u00e3o: Praia da Caparica<\/li>\n<li>Dura\u00e7\u00e3o: 2\u20133 horas (personaliz\u00e1vel)<\/li>\n<li>Tamanho do grupo: Equipas pequenas &amp; grandes s\u00e3o bem-vindas<\/li>\n<li>Disponibilidade: Sess\u00f5es durante todo o ano<\/li>\n<li>Pre\u00e7os: Contacte-nos para um or\u00e7amento personalizado<\/li>\n<\/ul>\n<p>Quer seja uma empresa que procura impulsionar o esp\u00edrito de equipa, uma startup que pretende promover a criatividade ou um grupo que procura uma experi\u00eancia de uni\u00e3o inesquec\u00edvel, as nossas aulas de surf de Team Building s\u00e3o a forma perfeita de se ligarem, divertirem e surfarem as ondas juntos!<\/p>\n<p>Reserve hoje mesmo a experi\u00eancia de surf da sua equipa!<\/p>\n<\/div><\/div>\n<\/div>\n<\/div>\n<\/div>","protected":false},"excerpt":{"rendered":"","protected":false},"author":2,"featured_media":0,"parent":0,"menu_order":0,"comment_status":"closed","ping_status":"closed","template":"","meta":{"footnotes":""},"class_list":["post-1224","page","type-page","status-publish","hentry"],"_links":{"self":[{"href":"https:\/\/surfcaparica.com\/pt-pt\/wp-json\/wp\/v2\/pages\/1224","targetHints":{"allow":["GET"]}}],"collection":[{"href":"https:\/\/surfcaparica.com\/pt-pt\/wp-json\/wp\/v2\/pages"}],"about":[{"href":"https:\/\/surfcaparica.com\/pt-pt\/wp-json\/wp\/v2\/types\/page"}],"author":[{"embeddable":true,"href":"https:\/\/surfcaparica.com\/pt-pt\/wp-json\/wp\/v2\/users\/2"}],"replies":[{"embeddable":true,"href":"https:\/\/surfcaparica.com\/pt-pt\/wp-json\/wp\/v2\/comments?post=1224"}],"version-history":[{"count":2,"href":"https:\/\/surfcaparica.com\/pt-pt\/wp-json\/wp\/v2\/pages\/1224\/revisions"}],"predecessor-version":[{"id":1226,"href":"https:\/\/surfcaparica.com\/pt-pt\/wp-json\/wp\/v2\/pages\/1224\/revisions\/1226"}],"wp:attachment":[{"href":"https:\/\/surfcaparica.com\/pt-pt\/wp-json\/wp\/v2\/media?parent=1224"}],"curies":[{"name":"wp","href":"https:\/\/api.w.org\/{rel}","templated":true}]}}