{"id":1220,"date":"2023-03-31T14:38:47","date_gmt":"2023-03-31T14:38:47","guid":{"rendered":"https:\/\/surfcaparica.com\/surf-caparica-2\/"},"modified":"2026-03-25T19:51:38","modified_gmt":"2026-03-25T19:51:38","slug":"surf-caparica-2","status":"publish","type":"page","link":"https:\/\/surfcaparica.com\/pt-pt\/","title":{"rendered":"Surf Caparica"},"content":{"rendered":"<div class=\"et_pb_section_0 et_pb_section et_pb_fullwidth_section et_section_regular et_block_section\">\n<div class=\"et_pb_fullwidth_slider_0 et_pb_slider et_pb_slider_no_arrows et_pb_slider_no_pagination et_pb_module\"><div class=\"et_pb_slides\">\n<div class=\"et_pb_slide_0 et_pb_slide et_pb_media_alignment_center et_pb_bg_layout_dark\" data-slide-id=\"divi\/slide-0\"><div class=\"et_pb_container\"><div class=\"et_pb_slider_container_inner\"><div class=\"et_pb_slide_description\"><h1 class=\"et_pb_slide_title\">SURF CAPARICA<\/h1><div class=\"et_pb_slide_content\"><h2>O Local Perfeito para Aprender a Surfar<\/h2>\n<\/div><\/div><\/div><\/div><\/div>\n<\/div><\/div>\n<\/div>\n\n<div class=\"et_pb_section_1 et_pb_section et_section_regular et_flex_section\">\n<div class=\"et_pb_row_0 et_pb_row et_flex_row\">\n<div class=\"et_pb_column_0 et_pb_column et-last-child et_flex_column et_pb_css_mix_blend_mode_passthrough et_flex_column_24_24 et_flex_column_24_24_tablet et_flex_column_24_24_phone et_flex_column_24_24_phoneWide et_flex_column_24_24_tabletWide et_flex_column_24_24_widescreen et_flex_column_24_24_ultraWide\">\n<div class=\"et_pb_text_0 et_pb_text et_pb_bg_layout_light et_pb_module et_flex_module\"><div class=\"et_pb_text_inner\"><p>Bem-vindo \u00e0 Surf Caparica! Est\u00e1 pronto para apanhar as ondas num dos melhores spots de surf de Portugal? Quer seja um iniciante completo ou um surfista experiente que procura melhorar as suas habilidades, os nossos instrutores especializados da Surf Caparica est\u00e3o aqui para tornar a sua experi\u00eancia de surf inesquec\u00edvel.  <\/p>\n<p>Com o deslumbrante Oceano Atl\u00e2ntico como pano de fundo, oferecemos aulas de surf privadas, aulas de surf em grupo, aulas de surf semiprivadas, aulas de surf de team building e aluguer de pranchas de surf. Quer esteja aqui por divers\u00e3o, para manter a forma ou pela emo\u00e7\u00e3o das ondas, temos tudo o que precisa. <\/p>\n<p>Ent\u00e3o, de que est\u00e1 \u00e0 espera? Pegue na sua prancha, sinta a brisa do oceano e apanhe as ondas connosco. O surf est\u00e1 no auge na Caparica!  <\/p>\n<\/div><\/div>\n<\/div>\n<\/div>\n<\/div>\n\n<div class=\"et_pb_section_2 et_pb_section et_section_regular et_flex_section\">\n<div class=\"et_pb_row_1 et_pb_row et_flex_row\">\n<div class=\"et_pb_column_1 et_pb_column et_flex_column et_pb_css_mix_blend_mode_passthrough et_flex_column_24_24 et_flex_column_24_24_tablet et_flex_column_24_24_phone et_flex_column_24_24_phoneWide et_flex_column_24_24_tabletWide et_flex_column_24_24_widescreen et_flex_column_24_24_ultraWide\">\n<div class=\"et_pb_group_0 et_pb_group et_pb_module et_flex_group et_pb_css_mix_blend_mode_passthrough\">\n<div class=\"et_pb_image_0 et_pb_image et_pb_image_sticky et_pb_module et_flex_module\"><span class=\"et_pb_image_wrap\"><img loading=\"lazy\" decoding=\"async\" src=\"https:\/\/surfcaparica.com\/wp-content\/uploads\/2025\/02\/group-surf-lessons-surf-caparica.jpg\" width=\"1376\" height=\"1373\" srcset=\"https:\/\/surfcaparica.com\/wp-content\/uploads\/2025\/02\/group-surf-lessons-surf-caparica.jpg 1376w, https:\/\/surfcaparica.com\/wp-content\/uploads\/2025\/02\/group-surf-lessons-surf-caparica-1280x1277.jpg 1280w, https:\/\/surfcaparica.com\/wp-content\/uploads\/2025\/02\/group-surf-lessons-surf-caparica-980x978.jpg 980w, https:\/\/surfcaparica.com\/wp-content\/uploads\/2025\/02\/group-surf-lessons-surf-caparica-480x479.jpg 480w\" sizes=\"(min-width: 0px) and (max-width: 480px) 480px, (min-width: 481px) and (max-width: 980px) 980px, (min-width: 981px) and (max-width: 1280px) 1280px, (min-width: 1281px) 1376px, 100vw\" class=\"wp-image-753\" title=\"aulas-de-surf-em-grupo-surf-caparica\" alt=\"aulas de grupo\" \/><\/span><\/div>\n\n<div class=\"et_pb_text_1 et_pb_text et_pb_bg_layout_light et_pb_module et_flex_module\"><div class=\"et_pb_text_inner\"><h2>Aulas de Grupo de Surf<\/h2>\n<\/div><\/div>\n\n<div class=\"et_pb_text_2 et_pb_text et_pb_bg_layout_light et_pb_module et_flex_module\"><div class=\"et_pb_text_inner\"><ul>\n<li>2 Horas<\/li>\n<li>Instrutores certificados<\/li>\n<li>Equipamento de Surf Inclu\u00eddo<\/li>\n<li>Seguro<\/li>\n<\/ul>\n<\/div><\/div>\n\n<div class=\"et_pb_module et_pb_button_module_wrapper et_pb_button_0_wrapper\"><a class=\"et_pb_button_0 et_pb_button et_pb_bg_layout_light et_pb_module et_flex_module\" href=\"https:\/\/fareharbor.com\/embeds\/book\/geckosurfschool\/items\/149532\/?full-items=yes&#038;flow=182583\" target=\"_blank\" rel=\"noopener\">RESERVAR J\u00c1<\/a><\/div>\n<\/div>\n\n<div class=\"et_pb_divider_0 et_pb_divider_hidden et_pb_space et_pb_divider_position_top et_pb_module\"><div class=\"et_pb_divider_internal\"><\/div><\/div>\n<\/div>\n\n<div class=\"et_pb_column_2 et_pb_column et_flex_column et_pb_css_mix_blend_mode_passthrough et_flex_column_24_24 et_flex_column_24_24_tablet et_flex_column_24_24_phone et_flex_column_24_24_phoneWide et_flex_column_24_24_tabletWide et_flex_column_24_24_widescreen et_flex_column_24_24_ultraWide\">\n<div class=\"et_pb_group_1 et_pb_group et-last-child et_pb_module et_flex_group et_pb_css_mix_blend_mode_passthrough\">\n<div class=\"et_pb_image_1 et_pb_image et_pb_image_sticky et_pb_module et_flex_module\"><span class=\"et_pb_image_wrap\"><img loading=\"lazy\" decoding=\"async\" src=\"https:\/\/surfcaparica.com\/wp-content\/uploads\/2025\/02\/private-surf-lessons-surf-caparica.jpg\" width=\"1376\" height=\"1373\" srcset=\"https:\/\/surfcaparica.com\/wp-content\/uploads\/2025\/02\/private-surf-lessons-surf-caparica.jpg 1376w, https:\/\/surfcaparica.com\/wp-content\/uploads\/2025\/02\/private-surf-lessons-surf-caparica-1280x1277.jpg 1280w, https:\/\/surfcaparica.com\/wp-content\/uploads\/2025\/02\/private-surf-lessons-surf-caparica-980x978.jpg 980w, https:\/\/surfcaparica.com\/wp-content\/uploads\/2025\/02\/private-surf-lessons-surf-caparica-480x479.jpg 480w\" sizes=\"(min-width: 0px) and (max-width: 480px) 480px, (min-width: 481px) and (max-width: 980px) 980px, (min-width: 981px) and (max-width: 1280px) 1280px, (min-width: 1281px) 1376px, 100vw\" class=\"wp-image-752\" title=\"aulas-de-surf-privadas-surf-caparica\" alt=\"aulas privadas\" \/><\/span><\/div>\n\n<div class=\"et_pb_text_3 et_pb_text et_pb_bg_layout_light et_pb_module et_flex_module\"><div class=\"et_pb_text_inner\"><h2>Aulas de Surf Privadas<\/h2>\n<\/div><\/div>\n\n<div class=\"et_pb_text_4 et_pb_text et_pb_bg_layout_light et_pb_module et_flex_module\"><div class=\"et_pb_text_inner\"><ul>\n<li>2 Horas<\/li>\n<li>Instrutores certificados<\/li>\n<li>Equipamento de Surf Inclu\u00eddo<\/li>\n<li>Seguro<\/li>\n<\/ul>\n<\/div><\/div>\n\n<div class=\"et_pb_module et_pb_button_module_wrapper et_pb_button_1_wrapper\"><a class=\"et_pb_button_1 et_pb_button et_pb_bg_layout_light et_pb_module et_flex_module\" href=\"https:\/\/fareharbor.com\/embeds\/book\/geckosurfschool\/items\/149522\/?full-items=yes&#038;flow=182583\" target=\"_blank\" rel=\"noopener\">RESERVAR J\u00c1<\/a><\/div>\n\n<div class=\"et_pb_divider_1 et_pb_divider_hidden et_pb_space et_pb_divider_position_top et_pb_module\"><div class=\"et_pb_divider_internal\"><\/div><\/div>\n<\/div>\n<\/div>\n\n<div class=\"et_pb_column_3 et_pb_column et-last-child et_flex_column et_pb_css_mix_blend_mode_passthrough et_flex_column_24_24 et_flex_column_24_24_tablet et_flex_column_24_24_phone et_flex_column_24_24_phoneWide et_flex_column_24_24_tabletWide et_flex_column_24_24_widescreen et_flex_column_24_24_ultraWide\">\n<div class=\"et_pb_group_2 et_pb_group et-last-child et_pb_module et_flex_group et_pb_css_mix_blend_mode_passthrough\">\n<div class=\"et_pb_image_2 et_pb_image et_pb_image_sticky et_pb_module et_flex_module\"><span class=\"et_pb_image_wrap\"><img loading=\"lazy\" decoding=\"async\" src=\"https:\/\/surfcaparica.com\/wp-content\/uploads\/2025\/02\/semi-private-surf-lessons.jpg\" width=\"1376\" height=\"1373\" srcset=\"https:\/\/surfcaparica.com\/wp-content\/uploads\/2025\/02\/semi-private-surf-lessons.jpg 1376w, https:\/\/surfcaparica.com\/wp-content\/uploads\/2025\/02\/semi-private-surf-lessons-1280x1277.jpg 1280w, https:\/\/surfcaparica.com\/wp-content\/uploads\/2025\/02\/semi-private-surf-lessons-980x978.jpg 980w, https:\/\/surfcaparica.com\/wp-content\/uploads\/2025\/02\/semi-private-surf-lessons-480x479.jpg 480w\" sizes=\"(min-width: 0px) and (max-width: 480px) 480px, (min-width: 481px) and (max-width: 980px) 980px, (min-width: 981px) and (max-width: 1280px) 1280px, (min-width: 1281px) 1376px, 100vw\" class=\"wp-image-756\" title=\"aulas-de-surf-semiprivadas\" alt=\"aulas de surf semi-particulares\" \/><\/span><\/div>\n\n<div class=\"et_pb_text_5 et_pb_text et_pb_bg_layout_light et_pb_module et_flex_module\"><div class=\"et_pb_text_inner\"><h2>Aulas Semiprivadas<\/h2>\n<\/div><\/div>\n\n<div class=\"et_pb_text_6 et_pb_text et_pb_bg_layout_light et_pb_module et_flex_module\"><div class=\"et_pb_text_inner\"><ul>\n<li>2 Horas<\/li>\n<li>Instrutores certificados<\/li>\n<li>Equipamento de Surf Inclu\u00eddo<\/li>\n<li>Seguro<\/li>\n<\/ul>\n<\/div><\/div>\n\n<div class=\"et_pb_module et_pb_button_module_wrapper et_pb_button_2_wrapper\"><a class=\"et_pb_button_2 et_pb_button et_pb_bg_layout_light et_pb_module et_flex_module\" href=\"https:\/\/fareharbor.com\/embeds\/book\/geckosurfschool\/items\/149536\/?full-items=yes&#038;flow=182583\" target=\"_blank\" rel=\"noopener\">RESERVAR J\u00c1<\/a><\/div>\n\n<div class=\"et_pb_divider_2 et_pb_divider_hidden et_pb_space et_pb_divider_position_top et_pb_module\"><div class=\"et_pb_divider_internal\"><\/div><\/div>\n<\/div>\n<\/div>\n<\/div>\n<\/div>\n\n<div class=\"et_pb_section_3 et_pb_section et_section_regular et_flex_section\">\n<div class=\"et_pb_row_2 et_pb_row et_flex_row\">\n<div class=\"et_pb_column_4 et_pb_column et-last-child et_flex_column et_pb_css_mix_blend_mode_passthrough et_flex_column_24_24 et_flex_column_24_24_tablet et_flex_column_24_24_phone et_flex_column_24_24_phoneWide et_flex_column_24_24_tabletWide et_flex_column_24_24_widescreen et_flex_column_24_24_ultraWide\">\n<div class=\"et_pb_text_7 et_pb_text et_pb_bg_layout_light et_pb_module et_flex_module\"><div class=\"et_pb_text_inner\"><h2>As Suas Aulas de Surf de Confian\u00e7a na Costa da Caparica<\/h2>\n<\/div><\/div>\n\n<div class=\"et_pb_text_8 et_pb_text et_pb_bg_layout_light et_pb_module et_flex_module\"><div class=\"et_pb_text_inner\"><h3>Porqu\u00ea Escolher-nos<\/h3>\n<\/div><\/div>\n\n<div class=\"et_pb_text_9 et_pb_text et_pb_bg_layout_light et_pb_module et_flex_module\"><div class=\"et_pb_text_inner\"><h3>Prancha de surf e fatos de neoprene inclu\u00eddos<\/p>\n<h3>Licenciado e autorizado pela cidade da Costa da Caparica<\/h3>\n<h3>Instrutores Certificados<\/h3>\n<h3>Seguro<\/h3>\n<\/div><\/div>\n<\/div>\n<\/div>\n<\/div>\n\n<div class=\"et_pb_section_4 et_pb_section et_section_regular et_flex_section\">\n<div class=\"et_pb_row_3 et_pb_row et_flex_row\">\n<div class=\"et_pb_column_5 et_pb_column et-last-child et_flex_column et_pb_css_mix_blend_mode_passthrough et_flex_column_24_24 et_flex_column_24_24_tablet et_flex_column_24_24_phone et_flex_column_24_24_phoneWide et_flex_column_24_24_tabletWide et_flex_column_24_24_widescreen et_flex_column_24_24_ultraWide\">\n<div class=\"et_pb_code_0 et_pb_code et_pb_module\"><div class=\"et_pb_code_inner\"><a href=\"https:\/\/fareharbor.com\/embeds\/book\/geckosurfschool\/\" target=\"_blank\" onclick=\"FH.open({&#039;shortname&#039;:&#039;geckosurfschool&#039;,&#039;view&#039;:&#039;items&#039;,&#039;fallback&#039;:&#039;simple&#039;}); return false;\" class=\"fh-button-flat fh-fixed--side -colorname=red\" rel=\"noopener\">RESERVAR J\u00c1<\/a><\/div><\/div>\n<\/div>\n<\/div>\n<\/div>","protected":false},"excerpt":{"rendered":"","protected":false},"author":2,"featured_media":0,"parent":0,"menu_order":0,"comment_status":"closed","ping_status":"closed","template":"","meta":{"footnotes":""},"class_list":["post-1220","page","type-page","status-publish","hentry"],"_links":{"self":[{"href":"https:\/\/surfcaparica.com\/pt-pt\/wp-json\/wp\/v2\/pages\/1220","targetHints":{"allow":["GET"]}}],"collection":[{"href":"https:\/\/surfcaparica.com\/pt-pt\/wp-json\/wp\/v2\/pages"}],"about":[{"href":"https:\/\/surfcaparica.com\/pt-pt\/wp-json\/wp\/v2\/types\/page"}],"author":[{"embeddable":true,"href":"https:\/\/surfcaparica.com\/pt-pt\/wp-json\/wp\/v2\/users\/2"}],"replies":[{"embeddable":true,"href":"https:\/\/surfcaparica.com\/pt-pt\/wp-json\/wp\/v2\/comments?post=1220"}],"version-history":[{"count":5,"href":"https:\/\/surfcaparica.com\/pt-pt\/wp-json\/wp\/v2\/pages\/1220\/revisions"}],"predecessor-version":[{"id":1262,"href":"https:\/\/surfcaparica.com\/pt-pt\/wp-json\/wp\/v2\/pages\/1220\/revisions\/1262"}],"wp:attachment":[{"href":"https:\/\/surfcaparica.com\/pt-pt\/wp-json\/wp\/v2\/media?parent=1220"}],"curies":[{"name":"wp","href":"https:\/\/api.w.org\/{rel}","templated":true}]}}