{"id":1212,"date":"2024-11-12T17:45:44","date_gmt":"2024-11-12T17:45:44","guid":{"rendered":"https:\/\/surfcaparica.com\/aulas-de-surf\/"},"modified":"2026-03-25T18:11:58","modified_gmt":"2026-03-25T18:11:58","slug":"aulas-de-surf","status":"publish","type":"page","link":"https:\/\/surfcaparica.com\/pt-pt\/aulas-de-surf\/","title":{"rendered":"Aulas de surf"},"content":{"rendered":"<div class=\"et_pb_section_0 et_pb_section et_pb_fullwidth_section et_section_regular et_block_section\">\n<section class=\"et_pb_fullwidth_header_0 et_pb_fullwidth_header et_pb_bg_layout_dark et_pb_text_align_left et_pb_module et_flex_module\"><div class=\"et_pb_fullwidth_header_container left\"><div class=\"header-content-container center\"><div class=\"header-content et_flex_module\"><h1 class=\"et_pb_module_header\">Aulas de surf<\/h1><div class=\"et_pb_header_button_wrapper\"><\/div><\/div><\/div><\/div><div class=\"et_pb_fullwidth_header_overlay\"><\/div><div class=\"et_pb_fullwidth_header_scroll\"><\/div><\/section>\n<\/div>\n\n<div class=\"et_pb_section_1 et_pb_section et_section_regular et_block_section\">\n<div class=\"et_pb_row_0 et_pb_row et_block_row\">\n<div class=\"et_pb_column_0 et_pb_column et_pb_column_2_5 et_block_column et_pb_css_mix_blend_mode_passthrough\">\n<div class=\"et_pb_image_0 et_pb_image et_pb_module et_block_module\"><span class=\"et_pb_image_wrap\"><img loading=\"lazy\" decoding=\"async\" src=\"https:\/\/surfcaparica.com\/wp-content\/uploads\/2025\/02\/group-surf-lessons-surf-caparica.jpg\" width=\"1376\" height=\"1373\" srcset=\"https:\/\/surfcaparica.com\/wp-content\/uploads\/2025\/02\/group-surf-lessons-surf-caparica.jpg 1376w, https:\/\/surfcaparica.com\/wp-content\/uploads\/2025\/02\/group-surf-lessons-surf-caparica-1280x1277.jpg 1280w, https:\/\/surfcaparica.com\/wp-content\/uploads\/2025\/02\/group-surf-lessons-surf-caparica-980x978.jpg 980w, https:\/\/surfcaparica.com\/wp-content\/uploads\/2025\/02\/group-surf-lessons-surf-caparica-480x479.jpg 480w\" sizes=\"(min-width: 0px) and (max-width: 480px) 480px, (min-width: 481px) and (max-width: 980px) 980px, (min-width: 981px) and (max-width: 1280px) 1280px, (min-width: 1281px) 1376px, 100vw\" class=\"wp-image-753\" title=\"aulas-de-surf-em-grupo-surf-caparica\" alt=\"aulas de grupo\" \/><\/span><\/div>\n<\/div>\n\n<div class=\"et_pb_column_1 et_pb_column et_pb_column_3_5 et-last-child et_block_column et_pb_css_mix_blend_mode_passthrough\">\n<div class=\"et_pb_text_0 et_pb_text et_pb_bg_layout_light et_pb_module et_block_module\"><div class=\"et_pb_text_inner\"><h2>Aulas de Grupo de Surf<\/h2>\n<\/div><\/div>\n\n<div class=\"et_pb_text_1 et_pb_text et_pb_bg_layout_light et_pb_module et_block_module\"><div class=\"et_pb_text_inner\"><p>Mergulhe na emo\u00e7\u00e3o do surf com as nossas aulas de grupo na Surf Caparica! Concebidas para grupos de alunos com uma propor\u00e7\u00e3o de 5:1 aluno por instrutor, estas aulas v\u00e3o ajud\u00e1-lo a apanhar ondas como um profissional. <\/p>\n<p>Nas nossas sess\u00f5es de 2 horas, aprender\u00e1s as compet\u00eancias essenciais de surf, incluindo:<\/p>\n<ul>\n<li>No\u00e7\u00f5es b\u00e1sicas de seguran\u00e7a<\/li>\n<li>Dominar o pop-up<\/li>\n<li>Aperfei\u00e7oar o timing das ondas<\/li>\n<li>Remar eficientemente<\/li>\n<\/ul>\n<p>N\u00f3s fornecemos tudo o que precisas, incluindo pranchas de surf e fatos de neoprene de alta qualidade. Tudo o que precisas de trazer \u00e9 o teu fato de banho, toalha, \u00e1gua e protetor solar. Fica descansado sabendo que os nossos instrutores s\u00e3o certificados pela Federa\u00e7\u00e3o Portuguesa de Surf para garantir uma experi\u00eancia segura e agrad\u00e1vel.<\/p>\n<h3>Detalhes principais:<\/h3>\n<ul>\n<li><strong>Tamanho do grupo:<\/strong> R\u00e1cio de 5:1 aluno\/instrutor (n\u00e3o \u00e9 necess\u00e1ria experi\u00eancia pr\u00e9via!)<\/li>\n<li><strong>Todo o equipamento fornecido:<\/strong> Pranchas de surf e fatos de neoprene inclu\u00eddos<\/li>\n<li><strong>O que trazer:<\/strong> Fato de banho, toalha, protetor solar e \u00e1gua<br \/>\n<strong>Hor\u00e1rio das aulas:<\/strong> Diariamente<\/li>\n<li><strong>Pre\u00e7o:<\/strong> 30 \u20ac<\/li>\n<\/ul>\n<p>Quer te juntes sozinho ou com amigos, mergulha na magia do surf e cria mem\u00f3rias inesquec\u00edveis com a Surf Caparica!<\/p>\n<\/div><\/div>\n\n<div class=\"et_pb_module et_pb_button_module_wrapper et_pb_button_0_wrapper\"><a class=\"et_pb_button_0 et_pb_button et_pb_bg_layout_light et_pb_module et_flex_module\" href=\"https:\/\/fareharbor.com\/embeds\/book\/geckosurfschool\/items\/149532\/?full-items=yes&#038;flow=182583\" target=\"_blank\" rel=\"noopener\">MARCAR AULA DE GRUPO<\/a><\/div>\n<\/div>\n<\/div>\n<\/div>\n\n<div class=\"et_pb_section_2 et_pb_section et_section_regular et_block_section\">\n<div class=\"et_pb_row_1 et_pb_row et_block_row\">\n<div class=\"et_pb_column_2 et_pb_column et_pb_column_2_5 et_block_column et_pb_css_mix_blend_mode_passthrough\">\n<div class=\"et_pb_image_1 et_pb_image et_pb_module et_block_module\"><span class=\"et_pb_image_wrap\"><img loading=\"lazy\" decoding=\"async\" src=\"https:\/\/surfcaparica.com\/wp-content\/uploads\/2025\/02\/private-surf-lessons-surf-caparica-1.jpg\" width=\"1376\" height=\"1373\" srcset=\"https:\/\/surfcaparica.com\/wp-content\/uploads\/2025\/02\/private-surf-lessons-surf-caparica-1.jpg 1376w, https:\/\/surfcaparica.com\/wp-content\/uploads\/2025\/02\/private-surf-lessons-surf-caparica-1-1280x1277.jpg 1280w, https:\/\/surfcaparica.com\/wp-content\/uploads\/2025\/02\/private-surf-lessons-surf-caparica-1-980x978.jpg 980w, https:\/\/surfcaparica.com\/wp-content\/uploads\/2025\/02\/private-surf-lessons-surf-caparica-1-480x479.jpg 480w\" sizes=\"(min-width: 0px) and (max-width: 480px) 480px, (min-width: 481px) and (max-width: 980px) 980px, (min-width: 981px) and (max-width: 1280px) 1280px, (min-width: 1281px) 1376px, 100vw\" class=\"wp-image-755\" title=\"aulas-de-surf-privadas-surf-caparica\" alt=\"aulas privadas\" \/><\/span><\/div>\n<\/div>\n\n<div class=\"et_pb_column_3 et_pb_column et_pb_column_3_5 et-last-child et_block_column et_pb_css_mix_blend_mode_passthrough\">\n<div class=\"et_pb_text_2 et_pb_text et_pb_bg_layout_light et_pb_module et_block_module\"><div class=\"et_pb_text_inner\"><h2>Aulas de Surf Privadas<\/h2>\n<\/div><\/div>\n\n<div class=\"et_pb_text_3 et_pb_text et_pb_bg_layout_light et_pb_module et_block_module\"><div class=\"et_pb_text_inner\"><p>Desfruta da emo\u00e7\u00e3o de surfar com Aulas de Surf Privadas na Surf Caparica! Perfeito para quem procura acompanhamento individual. As nossas sess\u00f5es personalizadas oferecem orienta\u00e7\u00e3o individualizada, ajudando-o a melhorar rapidamente e a surfar as ondas com confian\u00e7a.<\/p>\n<p>Nas nossas sess\u00f5es de 2 horas, aprender\u00e1s as compet\u00eancias essenciais de surf, incluindo:<\/p>\n<ul>\n<li>No\u00e7\u00f5es b\u00e1sicas de seguran\u00e7a<\/li>\n<li>Dominar o pop-up<\/li>\n<li>Aperfei\u00e7oar o timing das ondas<\/li>\n<li>Remar eficientemente<\/li>\n<\/ul>\n<p>N\u00f3s fornecemos tudo o que precisas, incluindo pranchas de surf e fatos de neoprene de alta qualidade. Tudo o que precisas de trazer \u00e9 o teu fato de banho, toalha, \u00e1gua e protetor solar. Fica descansado sabendo que os nossos instrutores s\u00e3o certificados pela Federa\u00e7\u00e3o Portuguesa de Surf para garantir uma experi\u00eancia segura e divertida.<\/p>\n<h3>Detalhes principais:<\/h3>\n<ul>\n<li><strong>Tamanho:<\/strong> Propor\u00e7\u00e3o de 1:1 aluno\/instrutor (n\u00e3o \u00e9 necess\u00e1ria experi\u00eancia pr\u00e9via!)<\/li>\n<li><strong>Todo o equipamento fornecido:<\/strong> Pranchas de surf e fatos de neoprene inclu\u00eddos<\/li>\n<li><strong>O que trazer:<\/strong> Fato de banho, toalha, protetor solar e \u00e1gua<br \/>\n<strong>Hor\u00e1rio das aulas:<\/strong> Diariamente<\/li>\n<li><strong>Pre\u00e7o:<\/strong> 80 \u20ac<\/li>\n<\/ul>\n<p>Quer te juntes sozinho ou com amigos, mergulha na magia do surf e cria mem\u00f3rias inesquec\u00edveis com a Surf Caparica!<\/p>\n<\/div><\/div>\n\n<div class=\"et_pb_module et_pb_button_module_wrapper et_pb_button_1_wrapper\"><a class=\"et_pb_button_1 et_pb_button et_pb_bg_layout_light et_pb_module et_flex_module\" href=\"https:\/\/fareharbor.com\/embeds\/book\/geckosurfschool\/items\/149522\/?full-items=yes&#038;flow=182583\" target=\"_blank\" rel=\"noopener\">MARCAR AULA PARTICULAR<\/a><\/div>\n<\/div>\n<\/div>\n<\/div>\n\n<div class=\"et_pb_section_3 et_pb_section et_section_regular et_block_section\">\n<div class=\"et_pb_row_2 et_pb_row et_block_row\">\n<div class=\"et_pb_column_4 et_pb_column et_pb_column_2_5 et_block_column et_pb_css_mix_blend_mode_passthrough\">\n<div class=\"et_pb_image_2 et_pb_image et_pb_module et_block_module\"><span class=\"et_pb_image_wrap\"><img loading=\"lazy\" decoding=\"async\" src=\"https:\/\/surfcaparica.com\/wp-content\/uploads\/2025\/02\/semi-private-surf-lessons.jpg\" width=\"1376\" height=\"1373\" srcset=\"https:\/\/surfcaparica.com\/wp-content\/uploads\/2025\/02\/semi-private-surf-lessons.jpg 1376w, https:\/\/surfcaparica.com\/wp-content\/uploads\/2025\/02\/semi-private-surf-lessons-1280x1277.jpg 1280w, https:\/\/surfcaparica.com\/wp-content\/uploads\/2025\/02\/semi-private-surf-lessons-980x978.jpg 980w, https:\/\/surfcaparica.com\/wp-content\/uploads\/2025\/02\/semi-private-surf-lessons-480x479.jpg 480w\" sizes=\"(min-width: 0px) and (max-width: 480px) 480px, (min-width: 481px) and (max-width: 980px) 980px, (min-width: 981px) and (max-width: 1280px) 1280px, (min-width: 1281px) 1376px, 100vw\" class=\"wp-image-756\" title=\"aulas-de-surf-semiprivadas\" alt=\"aulas semiprivadas\" \/><\/span><\/div>\n<\/div>\n\n<div class=\"et_pb_column_5 et_pb_column et_pb_column_3_5 et-last-child et_block_column et_pb_css_mix_blend_mode_passthrough\">\n<div class=\"et_pb_text_4 et_pb_text et_pb_bg_layout_light et_pb_module et_block_module\"><div class=\"et_pb_text_inner\"><h2>Aulas Semiprivadas<\/h2>\n<\/div><\/div>\n\n<div class=\"et_pb_text_5 et_pb_text et_pb_bg_layout_light et_pb_module et_block_module\"><div class=\"et_pb_text_inner\"><p>Mergulha na adrenalina do surf com as nossas Aulas de Surf Semiprivadas na Surf Caparica! Concebidas para pequenos grupos de apenas 2 alunos por instrutor, estas aulas oferecem aten\u00e7\u00e3o personalizada para te ajudar a surfar as ondas como um profissional.<\/p>\n<p>Nas nossas sess\u00f5es de 2 horas, aprender\u00e1s as compet\u00eancias essenciais de surf, incluindo:<\/p>\n<ul>\n<li>No\u00e7\u00f5es b\u00e1sicas de seguran\u00e7a<\/li>\n<li>Dominar o pop-up<\/li>\n<li>Aperfei\u00e7oar o timing das ondas<\/li>\n<li>Remar eficientemente<\/li>\n<\/ul>\n<p>N\u00f3s fornecemos tudo o que precisas, incluindo pranchas de surf e fatos de neoprene de alta qualidade. Tudo o que precisas de trazer \u00e9 o teu fato de banho, toalha, \u00e1gua e protetor solar. Fica descansado sabendo que os nossos instrutores s\u00e3o certificados pela Federa\u00e7\u00e3o Portuguesa de Surf para garantir uma experi\u00eancia segura e divertida.<\/p>\n<h3>Detalhes principais:<\/h3>\n<ul>\n<li><strong>Tamanho do grupo pequeno:<\/strong> Propor\u00e7\u00e3o de 2:1 aluno\/instrutor (n\u00e3o \u00e9 necess\u00e1ria experi\u00eancia pr\u00e9via!)<\/li>\n<li><strong>Todo o equipamento fornecido:<\/strong> Pranchas de surf e fatos de neoprene inclu\u00eddos<\/li>\n<li><strong>O que trazer:<\/strong> Fato de banho, toalha, protetor solar e \u00e1gua<\/li>\n<li><strong>Pre\u00e7o:<\/strong> 90 \u20ac<\/li>\n<\/ul>\n<p>Quer te juntes sozinho ou com amigos, mergulha na magia do surf e cria mem\u00f3rias inesquec\u00edveis com a Surf Caparica!<\/p>\n<\/div><\/div>\n\n<div class=\"et_pb_module et_pb_button_module_wrapper et_pb_button_2_wrapper\"><a class=\"et_pb_button_2 et_pb_button et_pb_bg_layout_light et_pb_module et_flex_module\" href=\"https:\/\/fareharbor.com\/embeds\/book\/geckosurfschool\/items\/149536\/?full-items=yes&#038;flow=182583\" target=\"_blank\" rel=\"noopener\">MARCAR AULA SEMI-PRIVADA<\/a><\/div>\n<\/div>\n<\/div>\n<\/div>","protected":false},"excerpt":{"rendered":"","protected":false},"author":2,"featured_media":0,"parent":0,"menu_order":0,"comment_status":"closed","ping_status":"closed","template":"","meta":{"footnotes":""},"class_list":["post-1212","page","type-page","status-publish","hentry"],"_links":{"self":[{"href":"https:\/\/surfcaparica.com\/pt-pt\/wp-json\/wp\/v2\/pages\/1212","targetHints":{"allow":["GET"]}}],"collection":[{"href":"https:\/\/surfcaparica.com\/pt-pt\/wp-json\/wp\/v2\/pages"}],"about":[{"href":"https:\/\/surfcaparica.com\/pt-pt\/wp-json\/wp\/v2\/types\/page"}],"author":[{"embeddable":true,"href":"https:\/\/surfcaparica.com\/pt-pt\/wp-json\/wp\/v2\/users\/2"}],"replies":[{"embeddable":true,"href":"https:\/\/surfcaparica.com\/pt-pt\/wp-json\/wp\/v2\/comments?post=1212"}],"version-history":[{"count":1,"href":"https:\/\/surfcaparica.com\/pt-pt\/wp-json\/wp\/v2\/pages\/1212\/revisions"}],"predecessor-version":[{"id":1213,"href":"https:\/\/surfcaparica.com\/pt-pt\/wp-json\/wp\/v2\/pages\/1212\/revisions\/1213"}],"wp:attachment":[{"href":"https:\/\/surfcaparica.com\/pt-pt\/wp-json\/wp\/v2\/media?parent=1212"}],"curies":[{"name":"wp","href":"https:\/\/api.w.org\/{rel}","templated":true}]}}