{"id":1204,"date":"2025-02-27T21:30:01","date_gmt":"2025-02-27T21:30:01","guid":{"rendered":"https:\/\/surfcaparica.com\/contacto\/"},"modified":"2026-03-25T18:11:34","modified_gmt":"2026-03-25T18:11:34","slug":"contacto","status":"publish","type":"page","link":"https:\/\/surfcaparica.com\/pt-pt\/contacto\/","title":{"rendered":"Contacto"},"content":{"rendered":"<div class=\"et_pb_section_0 et_pb_section et_section_regular et_block_section\">\n<div class=\"et_pb_row_0 et_pb_row et_block_row\">\n<div class=\"et_pb_column_0 et_pb_column et_pb_column_2_5 et_block_column et_pb_css_mix_blend_mode_passthrough\">\n<div class=\"et_pb_text_0 et_pb_text et_pb_bg_layout_light et_pb_module et_block_module\"><div class=\"et_pb_text_inner\"><h3>Entra em contacto<\/h3>\n<\/div><\/div>\n\n<div class=\"et_pb_divider_0 et_pb_divider et_pb_space et_pb_divider_position_top et_pb_module\"><div class=\"et_pb_divider_internal\"><\/div><\/div>\n\n<div class=\"et_pb_text_1 et_pb_text et_pb_bg_layout_light et_pb_module et_block_module\"><div class=\"et_pb_text_inner\"><p><span style=\"color: #ffffff;\"><strong><a href=\"tel:(+351)913072715\" style=\"color: #ffffff;\">+351 91 307 27 15<\/a><\/strong><\/span><\/p>\n<\/div><\/div>\n\n<div class=\"et_pb_code_0 et_pb_code et_pb_text_align_center et_pb_module\"><div class=\"et_pb_code_inner\"><!-- FareHarbor book button -->\n<a href=\"https:\/\/fareharbor.com\/embeds\/book\/geckosurfschool\/?full-items=yes\" target=\"_blank\" rel=\"noopener\">RESERVA ONLINE<\/a><\/div><\/div>\n<\/div>\n\n<div class=\"et_pb_column_1 et_pb_column et_pb_column_3_5 et-last-child et_block_column et_pb_css_mix_blend_mode_passthrough\">\n<div class=\"et_pb_text_2 et_pb_text et_pb_bg_layout_light et_pb_module et_block_module\"><div class=\"et_pb_text_inner\"><h1>CONTACTE-NOS<\/h1>\n<\/div><\/div>\n\n<div class=\"et_pb_text_3 et_pb_text et_pb_bg_layout_light et_pb_module et_block_module\"><div class=\"et_pb_text_inner\" data-et-mv-hidden-ultrawide=\"true\"><h2>Envia-nos uma mensagem<\/h2>\n<p>Se tiveres alguma quest\u00e3o, utiliza as seguintes op\u00e7\u00f5es. Inclui um n\u00famero de telem\u00f3vel no teu e-mail. A Surfing Lisbon est\u00e1 aberta todo o ano, incluindo no inverno. Reserva hoje e come\u00e7a o teu caminho para te tornares surfista para a vida.    <\/p>\n<\/div><\/div>\n\n<div class=\"et_pb_contact_form_0 et_pb_contact_form_container clearfix et_pb_module et_flex_module\" data-form_unique_num=\"0\" data-form_unique_id=\"6eb62ba0-0022-4441-84d2-9498a9da2d84\" id=\"et_pb_contact_form_6eb62ba0-0022-4441-84d2-9498a9da2d84\"><h3 class=\"et_pb_contact_main_title\">Formul\u00e1rio de contacto<\/h3><div class=\"et-pb-contact-message\"><\/div><div class=\"et_pb_contact\"><form class=\"et_pb_contact_form et_flex_module\" method=\"post\" action=\"https:\/\/surfcaparica.com\/pt-pt\/wp-json\/wp\/v2\/pages\/1204\">\n<div class=\"et_pb_contact_field_0 et_pb_contact_field et_pb_module et_flex_module et_flex_column_24_24 et_flex_column_24_24_tablet et_flex_column_24_24_phone et_flex_column_24_24_phoneWide et_flex_column_24_24_tabletWide et_flex_column_24_24_widescreen et_flex_column_24_24_ultraWide\" data-id=\"name\" data-type=\"input\"><label class=\"et_pb_contact_form_label\" for=\"et_pb_contact_0_name_0\">Nome<\/label><input type=\"text\" name=\"et_pb_contact_0_name_0\" id=\"et_pb_contact_0_name_0\" class=\"input\" data-required_mark=\"required\" data-field_type=\"input\" data-original_id=\"name\" placeholder=\"Nome\" title=\"\" value=\"\" \/><\/div>\n\n<div class=\"et_pb_contact_field_1 et_pb_contact_field et_pb_module et_flex_module et_flex_column_24_24 et_flex_column_24_24_tablet et_flex_column_24_24_phone et_flex_column_24_24_phoneWide et_flex_column_24_24_tabletWide et_flex_column_24_24_widescreen et_flex_column_24_24_ultraWide\" data-id=\"email\" data-type=\"email\"><label class=\"et_pb_contact_form_label\" for=\"et_pb_contact_0_email_1\">Endere\u00e7o de e-mail<\/label><input type=\"text\" name=\"et_pb_contact_0_email_1\" id=\"et_pb_contact_0_email_1\" class=\"input\" data-required_mark=\"required\" data-field_type=\"email\" data-original_id=\"email\" placeholder=\"Endere\u00e7o de e-mail\" title=\"\" value=\"\" \/><\/div>\n\n<div class=\"et_pb_contact_field_2 et_pb_contact_field et_pb_module et_flex_module et_flex_column_24_24 et_flex_column_24_24_tablet et_flex_column_24_24_phone et_flex_column_24_24_phoneWide et_flex_column_24_24_tabletWide et_flex_column_24_24_widescreen et_flex_column_24_24_ultraWide\" data-id=\"message\" data-type=\"text\"><label class=\"et_pb_contact_form_label\" for=\"et_pb_contact_0_message_2\">Mensagem<\/label><textarea name=\"et_pb_contact_0_message_2\" id=\"et_pb_contact_0_message_2\" class=\"et_pb_contact_message input\" data-required_mark=\"required\" data-field_type=\"text\" data-original_id=\"message\" placeholder=\"Mensagem\"><\/textarea><\/div>\n<input type=\"hidden\" name=\"et_pb_contactform_submit_6eb62ba0-0022-4441-84d2-9498a9da2d84\" value=\"et_contact_proccess\" \/><div class=\"et_contact_bottom_container\"><div class=\"et_pb_contact_right et_pb_contact_field\"><p class=\"clearfix\"><span class=\"et_pb_contact_captcha_question\">12 + 6<\/span> = <input type=\"text\" size=\"2\" class=\"input et_pb_contact_captcha\" data-first_digit=\"12\" data-second_digit=\"6\" data-required_mark=\"required\" name=\"et_pb_contact_captcha_6eb62ba0-0022-4441-84d2-9498a9da2d84\" autocomplete=\"off\" \/><\/p><\/div><div class=\"et_pb_button_wrapper\"><button type=\"submit\" name=\"et_builder_submit_button\" class=\"et_pb_button et_pb_contact_submit\">ENVIAR<\/button><\/div><\/div><input type=\"hidden\" id=\"_wpnonce-et-pb-contact-form-submitted-6eb62ba0-0022-4441-84d2-9498a9da2d84\" name=\"_wpnonce-et-pb-contact-form-submitted-6eb62ba0-0022-4441-84d2-9498a9da2d84\" value=\"cff9010d0d\" \/><input type=\"hidden\" name=\"_wp_http_referer\" value=\"\/pt-pt\/wp-json\/wp\/v2\/pages\/1204\" \/><\/form><\/div><\/div>\n<\/div>\n<\/div>\n<\/div>\n\n<div class=\"et_pb_section_1 et_pb_section et_section_regular et_block_section\">\n<div class=\"et_pb_row_1 et_pb_row et_block_row\">\n<div class=\"et_pb_column_2 et_pb_column et_pb_column_4_4 et-last-child et_block_column et_pb_css_mix_blend_mode_passthrough\">\n<div class=\"et_pb_text_4 et_pb_text et_pb_bg_layout_light et_pb_module et_block_module\"><div class=\"et_pb_text_inner\"><h3>Como ir de Lisboa para os Spots de Surf da Caparica de carro ou transportes p\u00fablicos.<\/h3>\n<h4>Carro<\/h4>\n<p>A Costa da Caparica \u00e9 facilmente acess\u00edvel de carro. Segue pela autoestrada <strong>A2<\/strong> do centro para sul de Lisboa, atravessa a ponte e vira \u00e0 direita na primeira sa\u00edda para a Costa de Caparica, que fica apenas a 20 minutos do centro da cidade.  <\/p>\n<h4>Autocarro<\/h4>\n<p>Se n\u00e3o tiveres carro, podes chegar aos spots de surf de transportes p\u00fablicos. As linhas <strong>3709<\/strong> do <strong>Marqu\u00eas do Pombal<\/strong> e <strong>3710<\/strong> de <strong>Sete Rios<\/strong> levam-te diretamente do centro de Lisboa para a Costa da Caparica, com algumas paragens pelo caminho.  <\/p>\n<h4>Comboio<\/h4>\n<p>Apanha o comboio em Sete Rios, o comboio atravessa a Ponte do Tejo e sai no Pragal em 11 minutos. Da esta\u00e7\u00e3o Roma-Areeiro, na Avenida Roma, o comboio demora 17 minutos e de Campolide, apenas 8 minutos.  <\/p>\n<p>Uma vez no Pragal, a sul de Lisboa, existe um autocarro direto para a Costa da Caparica.<\/p>\n<p><strong>3024<\/strong> - Pragal - Costa da Caparica (36 minutos)<\/p>\n<p>O tempo total de viagem \u00e9 entre 40 minutos e 1 hora, dependendo da esta\u00e7\u00e3o de comboio de partida.<\/p>\n<h4>Barco<\/h4>\n<p>Tens duas op\u00e7\u00f5es: <strong>Cais do Sodr\u00e9<\/strong> e <strong>Bel\u00e9m<\/strong><\/p>\n<h5>Do Cais do Sodr\u00e9 para Cacilhas<\/h5>\n<p>As partidas do Cais do Sodr\u00e9 s\u00e3o regulares durante a semana, com um barco a cada 10 minutos. Aos fins de semana e feriados, h\u00e1 cerca de tr\u00eas viagens por hora em cada sentido (consulta os hor\u00e1rios).  <\/p>\n<h5>De Cacilhas para a Costa da Caparica<\/h5>\n<p><strong>3011<\/strong> - Cacilhas - Costa da Caparica (34 minutos)<\/p>\n<h5>De Bel\u00e9m para a Trafaria<\/h5>\n<p><span>As partidas de Bel\u00e9m durante a semana s\u00e3o cerca de uma vez por hora (<\/span>consulta os hor\u00e1rios<span>).<\/span> Podes apanhar o ferry com o teu carro ou mota.<\/p>\n<h5>Da Trafaria para a Costa da Caparica<\/h5>\n<p><strong>3030<\/strong> - Monte da Caparica (FCT) - Fonte da Telha (15 minutos para a Costa da Caparica e 30 minutos para a Fonte da Telha)<\/p>\n<p>&nbsp;<\/p>\n<p>&nbsp;<\/p>\n<\/div><\/div>\n<\/div>\n<\/div>\n<\/div>","protected":false},"excerpt":{"rendered":"","protected":false},"author":2,"featured_media":0,"parent":0,"menu_order":0,"comment_status":"closed","ping_status":"closed","template":"","meta":{"footnotes":""},"class_list":["post-1204","page","type-page","status-publish","hentry"],"_links":{"self":[{"href":"https:\/\/surfcaparica.com\/pt-pt\/wp-json\/wp\/v2\/pages\/1204","targetHints":{"allow":["GET"]}}],"collection":[{"href":"https:\/\/surfcaparica.com\/pt-pt\/wp-json\/wp\/v2\/pages"}],"about":[{"href":"https:\/\/surfcaparica.com\/pt-pt\/wp-json\/wp\/v2\/types\/page"}],"author":[{"embeddable":true,"href":"https:\/\/surfcaparica.com\/pt-pt\/wp-json\/wp\/v2\/users\/2"}],"replies":[{"embeddable":true,"href":"https:\/\/surfcaparica.com\/pt-pt\/wp-json\/wp\/v2\/comments?post=1204"}],"version-history":[{"count":2,"href":"https:\/\/surfcaparica.com\/pt-pt\/wp-json\/wp\/v2\/pages\/1204\/revisions"}],"predecessor-version":[{"id":1206,"href":"https:\/\/surfcaparica.com\/pt-pt\/wp-json\/wp\/v2\/pages\/1204\/revisions\/1206"}],"wp:attachment":[{"href":"https:\/\/surfcaparica.com\/pt-pt\/wp-json\/wp\/v2\/media?parent=1204"}],"curies":[{"name":"wp","href":"https:\/\/api.w.org\/{rel}","templated":true}]}}